{"id":2316,"date":"2024-03-26T18:41:36","date_gmt":"2024-03-26T17:41:36","guid":{"rendered":"https:\/\/alpenstyle-fieberbrunn.at\/?page_id=2316"},"modified":"2024-03-26T18:41:36","modified_gmt":"2024-03-26T17:41:36","slug":"legal-notice","status":"publish","type":"page","link":"https:\/\/alpenstyle-fieberbrunn.at\/en\/legal-notice\/","title":{"rendered":"Legal Notice"},"content":{"rendered":"<p>Alpenstyle Gastromanagement GmbH<br \/>\nLindau 16<br \/>\n6391 Fieberbrunn<br \/>\n\u00d6sterreich<\/p>\n<p>Tel.: +436648764482<br \/>\nE-Mail: info@alpenstyle-fieberbrunn.at<\/p>\n<p>Firmenbuchgericht: Kitzb\u00fchel<br \/>\nFirmenbuchnummer: 613477y<\/p>\n<p>Gesch\u00e4ftsf\u00fchrer: Stefan Weidacher<\/p>\n<p>UID Nummer: ATU79905328<\/p>\n<p>Plattform der EU-Kommission zur Online-Streitbeilegung: https:\/\/ec.europa.eu\/odr<\/p>\n<p>Wir sind zur Teilnahme an einem Streitbeilegungsverfahren vor einer Verbraucherschlichtungsstelle weder verpflichtet noch bereit.<\/p>","protected":false},"excerpt":{"rendered":"<p>Alpenstyle Gastromanagement GmbH Lindau 16 6391 Fieberbrunn \u00d6sterreich Tel.: +436648764482 E-Mail: info@alpenstyle-fieberbrunn.at Firmenbuchgericht: Kitzb\u00fchel Firmenbuchnummer: 613477y Gesch\u00e4ftsf\u00fchrer: Stefan Weidacher UID Nummer: ATU79905328 Plattform der EU-Kommission zur Online-Streitbeilegung: https:\/\/ec.europa.eu\/odr Wir sind zur Teilnahme an einem Streitbeilegungsverfahren vor einer Verbraucherschlichtungsstelle weder verpflichtet [&#8230;]<\/p>\n","protected":false},"author":2,"featured_media":0,"parent":0,"menu_order":0,"comment_status":"closed","ping_status":"closed","template":"","meta":{"footnotes":""},"class_list":["post-2316","page","type-page","status-publish","hentry"],"_links":{"self":[{"href":"https:\/\/alpenstyle-fieberbrunn.at\/en\/wp-json\/wp\/v2\/pages\/2316","targetHints":{"allow":["GET"]}}],"collection":[{"href":"https:\/\/alpenstyle-fieberbrunn.at\/en\/wp-json\/wp\/v2\/pages"}],"about":[{"href":"https:\/\/alpenstyle-fieberbrunn.at\/en\/wp-json\/wp\/v2\/types\/page"}],"author":[{"embeddable":true,"href":"https:\/\/alpenstyle-fieberbrunn.at\/en\/wp-json\/wp\/v2\/users\/2"}],"replies":[{"embeddable":true,"href":"https:\/\/alpenstyle-fieberbrunn.at\/en\/wp-json\/wp\/v2\/comments?post=2316"}],"version-history":[{"count":1,"href":"https:\/\/alpenstyle-fieberbrunn.at\/en\/wp-json\/wp\/v2\/pages\/2316\/revisions"}],"predecessor-version":[{"id":2317,"href":"https:\/\/alpenstyle-fieberbrunn.at\/en\/wp-json\/wp\/v2\/pages\/2316\/revisions\/2317"}],"wp:attachment":[{"href":"https:\/\/alpenstyle-fieberbrunn.at\/en\/wp-json\/wp\/v2\/media?parent=2316"}],"curies":[{"name":"wp","href":"https:\/\/api.w.org\/{rel}","templated":true}]}}