{"id":2,"date":"2023-11-17T08:06:43","date_gmt":"2023-11-17T08:06:43","guid":{"rendered":"http:\/\/alpenstyle-fieberbrunn.at\/?page_id=2"},"modified":"2025-10-05T13:59:54","modified_gmt":"2025-10-05T11:59:54","slug":"sample-page","status":"publish","type":"page","link":"https:\/\/alpenstyle-fieberbrunn.at\/en\/sample-page\/","title":{"rendered":"Our Service"},"content":{"rendered":"<div class=\"fusion-fullwidth fullwidth-box fusion-builder-row-1 fusion-flex-container nonhundred-percent-fullwidth non-hundred-percent-height-scrolling\" style=\"--awb-border-radius-top-left:0px;--awb-border-radius-top-right:0px;--awb-border-radius-bottom-right:0px;--awb-border-radius-bottom-left:0px;--awb-flex-wrap:wrap;\" ><div class=\"fusion-builder-row fusion-row fusion-flex-align-items-flex-start fusion-flex-content-wrap\" style=\"max-width:1216.8px;margin-left: calc(-4% \/ 2 );margin-right: calc(-4% \/ 2 );\"><div class=\"fusion-layout-column fusion_builder_column fusion-builder-column-0 fusion_builder_column_1_1 1_1 fusion-flex-column\" style=\"--awb-bg-size:cover;--awb-width-large:100%;--awb-margin-top-large:0px;--awb-spacing-right-large:1.92%;--awb-margin-bottom-large:0px;--awb-spacing-left-large:1.92%;--awb-width-medium:100%;--awb-spacing-right-medium:1.92%;--awb-spacing-left-medium:1.92%;--awb-width-small:100%;--awb-spacing-right-small:1.92%;--awb-spacing-left-small:1.92%;\"><div class=\"fusion-column-wrapper fusion-flex-justify-content-flex-start fusion-content-layout-column\"><div class=\"fusion-text fusion-text-1\"><\/p>\n<h1 data-fontsize=\"48\" data-lineheight=\"53.28px\" class=\"fusion-responsive-typography-calculated\" style=\"--fontSize: 48; line-height: 1.11;\">Our Services<\/h1>\n<\/p>\n<h3 data-fontsize=\"24\" data-lineheight=\"26.64px\" class=\"fusion-responsive-typography-calculated\" style=\"--fontSize: 24; line-height: 1.11;\"><strong>DINNER<\/strong><\/h3>\n<p>Our restaurant is open for you daily. We offer hot meals from 12:00 PM to approximately 8:45 PM. For dinner, we recommend making a reservation in advance. You can find our current menu here:<strong> <a href=\"https:\/\/alpenstyle-fieberbrunn.at\/de\/dining\/\" target=\"_new\" rel=\"noreferrer noopener\">Menu<\/a><\/strong><\/p>\n<h3 data-fontsize=\"24\" data-lineheight=\"26.64px\" class=\"fusion-responsive-typography-calculated\" style=\"--fontSize: 24; line-height: 1.11;\"><strong>ALLERGY-FRIENDLY BEDDING<\/strong><\/h3>\n<p>All our apartments are equipped with allergy-friendly bedding.<\/p>\n<h3 data-fontsize=\"24\" data-lineheight=\"26.64px\" class=\"fusion-responsive-typography-calculated\" style=\"--fontSize: 24; line-height: 1.11;\"><strong>CHECK-IN AND CHECK-OUT<\/strong><\/h3>\n<p>Alpenstyle Fieberbrunn is located in Fieberbrunn, right next to the cable car station. Always head towards the cable car station, and you will find us in the large parking lot on the right side. Our address is Lindau 16, 6391 Fieberbrunn. If you are arriving by train, please inform us in advance so we can arrange a free transfer from the train station.<\/p>\n<p>Your room is ready for check-in from 3:00 PM and is available until 10:00 AM on the day of departure. If you wish to use your room longer, please contact us at the reception. We will gladly check availability. An extension until 4:00 PM costs \u20ac60.00 per apartment. Please return the apartment keys at the reception upon departure.<\/p>\n<h3 data-fontsize=\"24\" data-lineheight=\"26.64px\" class=\"fusion-responsive-typography-calculated\" style=\"--fontSize: 24; line-height: 1.11;\"><strong>BILLING<\/strong><\/h3>\n<p>On departure, the local tax and possibly restaurant bills are usually still to be paid. We accept cash as well as all common cards (Visa Card \/ Master Card \/ Diners Card \/ as well as EC Card).<\/p>\n<h3 data-fontsize=\"24\" data-lineheight=\"26.64px\" class=\"fusion-responsive-typography-calculated\" style=\"--fontSize: 24; line-height: 1.11;\"><strong>EXCURSIONS<\/strong><\/h3>\n<p>Information is available at the reception or on the tourism association&#8217;s website:<strong> <a href=\"https:\/\/www.kitzbueheler-alpen.com\/de\/pital\/pillerseetal.html\" target=\"_new\" rel=\"noreferrer noopener\">Tourism<\/a><\/strong><\/p>\n<h3 data-fontsize=\"24\" data-lineheight=\"26.64px\" class=\"fusion-responsive-typography-calculated\" style=\"--fontSize: 24; line-height: 1.11;\"><strong>PHARMACY<\/strong><\/h3>\n<p>The nearest pharmacy is &#8222;Pillersee Apotheke,&#8220; Rosenegg 54, 6391 Fieberbrunn, Phone: +43 05354 56450<\/p>\n<h3 data-fontsize=\"24\" data-lineheight=\"26.64px\" class=\"fusion-responsive-typography-calculated\" style=\"--fontSize: 24; line-height: 1.11;\"><strong>DOCTOR<\/strong><\/h3>\n<p>We always recommend the emergency room at St. Johann in Tirol Hospital, which is open 24 hours.<\/p>\n<h3 data-fontsize=\"24\" data-lineheight=\"26.64px\" class=\"fusion-responsive-typography-calculated\" style=\"--fontSize: 24; line-height: 1.11;\"><strong>BABY EQUIPMENT<\/strong><\/h3>\n<p>We are happy to provide a baby cot and a high chair for your little ones.<\/p>\n<h3 data-fontsize=\"24\" data-lineheight=\"26.64px\" class=\"fusion-responsive-typography-calculated\" style=\"--fontSize: 24; line-height: 1.11;\"><strong>MOUNTAIN TOURS<\/strong><\/h3>\n<p>Please note that our mountain tours partly go into high alpine terrain. Always pay attention to the right equipment and the description of the tour. A &#8222;difficult mountain tour&#8220; is not suitable for the inexperienced.<\/p>\n<h3 data-fontsize=\"24\" data-lineheight=\"26.64px\" class=\"fusion-responsive-typography-calculated\" style=\"--fontSize: 24; line-height: 1.11;\"><strong>BED LINEN<\/strong><\/h3>\n<p>If you would like the bed linen changed during your stay, please inform us at the reception (for an additional charge).<\/p>\n<h3 data-fontsize=\"24\" data-lineheight=\"26.64px\" class=\"fusion-responsive-typography-calculated\" style=\"--fontSize: 24; line-height: 1.11;\"><strong>BATHING LAKES<\/strong><\/h3>\n<p>Our Fieberbrunn bathing lake is the Lauchsee, which is about a 25-minute walk from us. Alpenstyle guests have free entry there. Please just state at the ticket office that you are staying with us. Our colleagues at the Alpenstyle Bistro by the lake are also happy to welcome you.<\/p>\n<h3 data-fontsize=\"24\" data-lineheight=\"26.64px\" class=\"fusion-responsive-typography-calculated\" style=\"--fontSize: 24; line-height: 1.11;\"><strong>CABLE CARS<\/strong><\/h3>\n<p>The Fieberbrunn cable car is closed to our hotel. In a distance of 15 resp. 25 minutes there are <\/p>\n<ul>\n<li>The Buchensteinwand<\/li>\n<li>Waidring\/Steinplatte<\/li>\n<\/ul>\n<h3 data-fontsize=\"24\" data-lineheight=\"26.64px\" class=\"fusion-responsive-typography-calculated\" style=\"--fontSize: 24; line-height: 1.11;\"><strong>BALCONY<\/strong><\/h3>\n<p>General quiet rules apply to our balconies. No noise after 10 PM.<\/p>\n<h3 data-fontsize=\"24\" data-lineheight=\"26.64px\" class=\"fusion-responsive-typography-calculated\" style=\"--fontSize: 24; line-height: 1.11;\"><strong>FLOWERS<\/strong><\/h3>\n<p>We are happy to arrange flowers for you! Please give us at least 24 hours&#8216; notice.<\/p>\n<h3 data-fontsize=\"24\" data-lineheight=\"26.64px\" class=\"fusion-responsive-typography-calculated\" style=\"--fontSize: 24; line-height: 1.11;\"><strong>LIBRARY<\/strong><\/h3>\n<p>A small selection of books can be found in the entrance area to our sauna on the 1st floor.<\/p>\n<h3 data-fontsize=\"24\" data-lineheight=\"26.64px\" class=\"fusion-responsive-typography-calculated\" style=\"--fontSize: 24; line-height: 1.11;\"><strong>BUS AND TRAIN TRANSPORTATION<\/strong><\/h3>\n<p>The Fieberbrunn Bergbahn bus stop is just a few meters from the hotel, and the next stop, &#8222;Fieberbrunn Zentrum,&#8220; is about 900 meters away. Bus line 8301 takes you to St. Johann in Tirol and Kitzb\u00fchel, while bus line 8302 goes to Waidring and Hochfilzen. You can use public transport for free with your guest card in the entire area between Hochfilzen and W\u00f6rgl. Timetables are available here: <strong><a href=\"https:\/\/www.kitzbueheler-alpen.com\/de\/pital\/mobil.html#abendregiobus\" target=\"_new\" rel=\"noreferrer noopener\">Timetables<\/a><\/strong> If you are arriving by public transport, there is a free shuttle service to your hotel (ONLY for arrival and departure).<\/p>\n<h3 data-fontsize=\"24\" data-lineheight=\"26.64px\" class=\"fusion-responsive-typography-calculated\" style=\"--fontSize: 24; line-height: 1.11;\"><strong>IRONING SERVICE<\/strong><\/h3>\n<p>We iron your clothes! Please contact the reception (with some lead time).<\/p>\n<h3 data-fontsize=\"24\" data-lineheight=\"26.64px\" class=\"fusion-responsive-typography-calculated\" style=\"--fontSize: 24; line-height: 1.11;\"><strong>CHECK-IN \/ CHECK-OUT<\/strong><\/h3>\n<p>Check-in is from 3:00 PM, and check-out is by 10:00 AM.<\/p>\n<h3 data-fontsize=\"24\" data-lineheight=\"26.64px\" class=\"fusion-responsive-typography-calculated\" style=\"--fontSize: 24; line-height: 1.11;\"><strong>CHEF\u2019S MENU<\/strong><\/h3>\n<p>The Chef&#8217;s Menu is our interpretation of half-board. You avoid waiting times and are surprised by our chef every evening. The price for the Chef\u2019s Menu is \u20ac29.90 per person per day (excluding drinks). It must be reserved in advance.<\/p>\n<h3 data-fontsize=\"24\" data-lineheight=\"26.64px\" class=\"fusion-responsive-typography-calculated\" style=\"--fontSize: 24; line-height: 1.11;\"><strong>DIETARY REQUIREMENTS<\/strong><\/h3>\n<p>If you have any special dietary requirements, please let us know in advance. We will gladly inform our kitchen.<\/p>\n<h3 data-fontsize=\"24\" data-lineheight=\"26.64px\" class=\"fusion-responsive-typography-calculated\" style=\"--fontSize: 24; line-height: 1.11;\"><strong>E-CHARGING STATION<\/strong><\/h3>\n<p>We have an e-charging station in our underground garage. You can get the charging cards and information at the reception.<\/p>\n<h3 data-fontsize=\"24\" data-lineheight=\"26.64px\" class=\"fusion-responsive-typography-calculated\" style=\"--fontSize: 24; line-height: 1.11;\"><strong>ELECTRICAL DEVICES<\/strong><\/h3>\n<p>Our standard voltage is 220 volts AC.<\/p>\n<h3 data-fontsize=\"24\" data-lineheight=\"26.64px\" class=\"fusion-responsive-typography-calculated\" style=\"--fontSize: 24; line-height: 1.11;\"><strong>BIKE RENTAL<\/strong><\/h3>\n<p>Bikes, e-bikes, and mountain bikes can be rented next door at Sport Widmann. Alpenstyle guests receive a special price. Please reserve by 6:00 PM the day before.<\/p>\n<h3 data-fontsize=\"24\" data-lineheight=\"26.64px\" class=\"fusion-responsive-typography-calculated\" style=\"--fontSize: 24; line-height: 1.11;\"><strong>BICYCLES<\/strong><\/h3>\n<p>You can store your bicycles in our bike room. No liability is assumed!<\/p>\n<h3 data-fontsize=\"24\" data-lineheight=\"26.64px\" class=\"fusion-responsive-typography-calculated\" style=\"--fontSize: 24; line-height: 1.11;\"><strong>FAMILIES<\/strong><\/h3>\n<p>The Family Land is located in St. Jakob im Haus, about a 10-minute drive or bus ride from us. Family Land is a small amusement park for all ages. Especially during the holidays, there is a variety of offers for families and children. More information: <a href=\"https:\/\/www.kitzbueheler-alpen.com\/de\/pital\/familien-so.html\" target=\"_new\" rel=\"noreferrer noopener\"><strong>Family Land<\/strong><\/a><\/p>\n<h3 data-fontsize=\"24\" data-lineheight=\"26.64px\" class=\"fusion-responsive-typography-calculated\" style=\"--fontSize: 24; line-height: 1.11;\"><strong>AMUSEMENT PARKS<\/strong><\/h3>\n<p>The best amusement parks nearby are:<\/p>\n<ul>\n<li>Triassic Park in Waidring &#8211; <strong><a href=\"https:\/\/www.triassicpark.at\/\" target=\"_new\" rel=\"noreferrer noopener\">Triassic Park<\/a><\/strong><\/li>\n<li>Ellmi\u2019s Magic World in Ellmau &#8211; <strong><a href=\"https:\/\/www.ellmau-going.at\/sommer\/bergwelt-erleben\/ellmis-zauberwelt\/der-hartkaiser\/\" target=\"_new\" rel=\"noreferrer noopener\">Ellmi\u2019s Magic World<\/a><\/strong><\/li>\n<li>Hexenwasser in S\u00f6ll &#8211; <strong><a href=\"https:\/\/hexenwasser.at\/\" target=\"_new\" rel=\"noreferrer noopener\">Hexenwasser<\/a><\/strong><\/li>\n<\/ul>\n<h3 data-fontsize=\"24\" data-lineheight=\"26.64px\" class=\"fusion-responsive-typography-calculated\" style=\"--fontSize: 24; line-height: 1.11;\"><strong>BREAKFAST<\/strong><\/h3>\n<p>Our Alpenstyle breakfast is served from 8:00 to 10:00 AM in our restaurant. If you have not booked breakfast, you are still welcome to join us for an additional charge. Please inform us a day in advance.<\/p>\n<h3 data-fontsize=\"24\" data-lineheight=\"26.64px\" class=\"fusion-responsive-typography-calculated\" style=\"--fontSize: 24; line-height: 1.11;\"><strong>GUEST CARD<\/strong><\/h3>\n<p>You will receive the Pillerseetal guest card from us via email (as a QR code). All discounts can be found here: <strong><a href=\"https:\/\/www.kitzbueheler-alpen.com\/de\/pital\/gaestekarte.html\" target=\"_new\" rel=\"noreferrer noopener\">Guest Card<\/a><\/strong>. Please do not confuse it with the PillerseeTalCard for cable cars and attractions in the Pillerseetal, which you can find here:<strong> <a href=\"https:\/\/www.kitzbueheler-alpen.com\/de\/pital\/so\/card.html\" target=\"_new\" rel=\"noreferrer noopener\">PillerseeTalCard<\/a><\/strong><\/p>\n<h3 data-fontsize=\"24\" data-lineheight=\"26.64px\" class=\"fusion-responsive-typography-calculated\" style=\"--fontSize: 24; line-height: 1.11;\"><strong>DRINKS AND SNACK VENDING MACHINE<\/strong><\/h3>\n<p>There is a drinks and snack vending machine on the ground floor towards the ski cellar.<\/p>\n<h3 data-fontsize=\"24\" data-lineheight=\"26.64px\" class=\"fusion-responsive-typography-calculated\" style=\"--fontSize: 24; line-height: 1.11;\"><strong>GOLF<\/strong><\/h3>\n<p>The nearest golf courses are L\u00e4rchenhof in Erpfendorf, Eichenheim in Kitzb\u00fchel, Schwarzsee in Kitzb\u00fchel, and Wilder Kaiser in Ellmau. More information can be found here: <strong><a href=\"https:\/\/www.kitzbueheler-alpen.com\/de\/pital\/so\/golfen.html\" target=\"_new\" rel=\"noreferrer noopener\">Golf<\/a><\/strong><\/p>\n<h3 data-fontsize=\"24\" data-lineheight=\"26.64px\" class=\"fusion-responsive-typography-calculated\" style=\"--fontSize: 24; line-height: 1.11;\"><strong>TOWEL CHANGE<\/strong><\/h3>\n<p>Please ask at the reception.<\/p>\n<h3 data-fontsize=\"24\" data-lineheight=\"26.64px\" class=\"fusion-responsive-typography-calculated\" style=\"--fontSize: 24; line-height: 1.11;\"><strong>DOGS \u2013 HOLIDAY WITH DOG<\/strong><\/h3>\n<p>Dogs are welcome at Alpenstyle Fieberbrunn and in the region, but there are a few things to keep in mind: Dogs must always be kept on a leash during hikes, even if you are supposedly alone in nature (to protect our wild animals). Do not let the dog enter the meadows; our meadows are the feed for our cows and must not be entered. The following lakes allow dogs to swim:<\/p>\n<ul>\n<li>At Pillersee, dogs can be on a leash in the water (NOT in the bathing area)!<\/li>\n<li>In Waldbad Gieringer Weiher (Kitzb\u00fchel), there is an exclusive dog zone.<\/li>\n<li>At Walchsee, the warmest bathing lake in Tyrol, there is also a dog zone. There are special dog tickets at the cable cars. Please ask at the cable car station.<\/li>\n<\/ul>\n<h3 data-fontsize=\"24\" data-lineheight=\"26.64px\" class=\"fusion-responsive-typography-calculated\" style=\"--fontSize: 24; line-height: 1.11;\"><strong>STROLLERS<\/strong><\/h3>\n<p>There are some hiking and walking trails that are accessible with strollers. Please check with the cable cars in advance as strollers are not allowed everywhere.<\/p>\n<h3 data-fontsize=\"24\" data-lineheight=\"26.64px\" class=\"fusion-responsive-typography-calculated\" style=\"--fontSize: 24; line-height: 1.11;\"><strong>PLAYGROUNDS<\/strong><\/h3>\n<p>We have some nice playgrounds nearby, one of which is at the Tirol Camp campsite and another at Lauchsee, about a 25-minute walk from us.<\/p>\n<h3 data-fontsize=\"24\" data-lineheight=\"26.64px\" class=\"fusion-responsive-typography-calculated\" style=\"--fontSize: 24; line-height: 1.11;\"><strong>CREDIT CARDS<\/strong><\/h3>\n<p>We accept cash and all common credit and debit cards at both the reception and the restaurant.<\/p>\n<h3 data-fontsize=\"24\" data-lineheight=\"26.64px\" class=\"fusion-responsive-typography-calculated\" style=\"--fontSize: 24; line-height: 1.11;\"><strong>TAP WATER<\/strong><\/h3>\n<p>Our tap water is of very high quality (Tyrolean mountain spring water). Please use it sparingly.<\/p>\n<h3 data-fontsize=\"24\" data-lineheight=\"26.64px\" class=\"fusion-responsive-typography-calculated\" style=\"--fontSize: 24; line-height: 1.11;\"><strong>PHONE CHARGERS<\/strong><\/h3>\n<p>Various phone chargers are available at the reception for loan.<\/p>\n<h3 data-fontsize=\"24\" data-lineheight=\"26.64px\" class=\"fusion-responsive-typography-calculated\" style=\"--fontSize: 24; line-height: 1.11;\"><strong>LUNCH PACKAGES<\/strong><\/h3>\n<p>Please ask for a lunch package at our reception or directly in the restaurant.<\/p>\n<h3 data-fontsize=\"24\" data-lineheight=\"26.64px\" class=\"fusion-responsive-typography-calculated\" style=\"--fontSize: 24; line-height: 1.11;\"><strong>MASSAGES<\/strong><\/h3>\n<p>The &#8222;Felicity&#8220; massage studio is located in the energy well at Tirol Camp, just a 5-minute walk from us. Information is available at the reception. Appointments can be booked in advance at +43 5354 56666-13.<\/p>\n<h3 data-fontsize=\"24\" data-lineheight=\"26.64px\" class=\"fusion-responsive-typography-calculated\" style=\"--fontSize: 24; line-height: 1.11;\"><strong>LOCAL TRANSPORT<\/strong><\/h3>\n<p>You can use public transport for free with your guest card in the entire area between Hochfilzen and W\u00f6rgl. Timetables are available here: <strong><a href=\"https:\/\/www.kitzbueheler-alpen.com\/de\/pital\/mobil.html#abendregiobus\" target=\"_new\" rel=\"noreferrer noopener\">Local Transport<\/a><\/strong><\/p>\n<h3 data-fontsize=\"24\" data-lineheight=\"26.64px\" class=\"fusion-responsive-typography-calculated\" style=\"--fontSize: 24; line-height: 1.11;\"><strong>LOCAL TAX<\/strong><\/h3>\n<p>The local tax is \u20ac2.80 and must be paid at the reception upon departure.<\/p>\n<h3 data-fontsize=\"24\" data-lineheight=\"26.64px\" class=\"fusion-responsive-typography-calculated\" style=\"--fontSize: 24; line-height: 1.11;\"><strong>PUBLIC TRANSPORTATION<\/strong><\/h3>\n<p>You can use public transport for free with your guest card in the entire area between Hochfilzen and W\u00f6rgl. Timetables are available here: <a href=\"https:\/\/www.kitzbueheler-alpen.com\/de\/pital\/mobil.html#abendregiobus\" target=\"_new\" rel=\"noreferrer noopener\"><strong>Public Transportation<\/strong><\/a> If you are arriving by public transport, there is a free shuttle service to your hotel (ONLY for arrival and departure).<\/p>\n<h3 data-fontsize=\"24\" data-lineheight=\"26.64px\" class=\"fusion-responsive-typography-calculated\" style=\"--fontSize: 24; line-height: 1.11;\"><strong>PARKING GARAGE<\/strong><\/h3>\n<p>Please park your car in the garage. One parking space is available per apartment. If you are arriving with multiple cars, please contact us in advance to check availability. E-charging stations are also available in our garage.<\/p>\n<h3 data-fontsize=\"24\" data-lineheight=\"26.64px\" class=\"fusion-responsive-typography-calculated\" style=\"--fontSize: 24; line-height: 1.11;\"><strong>SMOKING<\/strong><\/h3>\n<p>Smoking is prohibited in all our hotel rooms and public areas! Smoking is allowed on the balconies, but please be considerate of the guests in the adjacent apartments.<\/p>\n<h3 data-fontsize=\"24\" data-lineheight=\"26.64px\" class=\"fusion-responsive-typography-calculated\" style=\"--fontSize: 24; line-height: 1.11;\"><strong>UMBRELLA<\/strong><\/h3>\n<p>If the weather doesn&#8217;t cooperate, we can lend you an umbrella. Umbrellas are available at the reception or at the bar for a rental fee of \u20ac2.<\/p>\n<h3 data-fontsize=\"24\" data-lineheight=\"26.64px\" class=\"fusion-responsive-typography-calculated\" style=\"--fontSize: 24; line-height: 1.11;\"><strong>RECEPTION<\/strong><\/h3>\n<p>Our reception is open from 8:00 AM to 4:30 PM. Outside these hours, please feel free to contact the colleagues at the bar.<\/p>\n<h3 data-fontsize=\"24\" data-lineheight=\"26.64px\" class=\"fusion-responsive-typography-calculated\" style=\"--fontSize: 24; line-height: 1.11;\"><strong>SAUNA<\/strong><\/h3>\n<p>During the summer season, our saunas are only open on request. Please inform us at the reception or at the bar, and we will gladly turn on the sauna. Our saunas are located on the 1st floor. We have a steam sauna, a Finnish sauna, and an infrared cabin. If you want to spend a thorough wellness day or evening, we recommend the &#8222;Energiebrunnen&#8220; at Tirol Camp. The entrance fee for the sauna area with indoor and outdoor pool is about \u20ac20 per person.<\/p>\n<h3 data-fontsize=\"24\" data-lineheight=\"26.64px\" class=\"fusion-responsive-typography-calculated\" style=\"--fontSize: 24; line-height: 1.11;\"><strong>SUPERMARKET<\/strong><\/h3>\n<p>The nearest supermarkets are about 600-700 meters away, on the main road towards the town center. Supermarkets are open from 7:30 AM to 7:00 PM.<\/p>\n<h3 data-fontsize=\"24\" data-lineheight=\"26.64px\" class=\"fusion-responsive-typography-calculated\" style=\"--fontSize: 24; line-height: 1.11;\"><strong>PHONE<\/strong><\/h3>\n<p>Reception phone number: +43 650 5103313<\/p>\n<h3 data-fontsize=\"24\" data-lineheight=\"26.64px\" class=\"fusion-responsive-typography-calculated\" style=\"--fontSize: 24; line-height: 1.11;\"><strong>TAXI<\/strong><\/h3>\n<p>We can arrange a taxi for you at the reception.<\/p>\n<h3 data-fontsize=\"24\" data-lineheight=\"26.64px\" class=\"fusion-responsive-typography-calculated\" style=\"--fontSize: 24; line-height: 1.11;\"><strong>UNDERGROUND GARAGE<\/strong><\/h3>\n<p>Please note that the underground garage has a maximum height of 2 meters.<\/p>\n<h3 data-fontsize=\"24\" data-lineheight=\"26.64px\" class=\"fusion-responsive-typography-calculated\" style=\"--fontSize: 24; line-height: 1.11;\"><strong>FOOD INTOLERANCES<\/strong><\/h3>\n<p>If you have a food intolerance, please inform us in advance. We will gladly pass this information on to our kitchen.<\/p>\n<h3 data-fontsize=\"24\" data-lineheight=\"26.64px\" class=\"fusion-responsive-typography-calculated\" style=\"--fontSize: 24; line-height: 1.11;\"><strong>VEGAN DIET<\/strong><\/h3>\n<p>Vegan and vegetarian dishes are standard for us.<\/p>\n<h3 data-fontsize=\"24\" data-lineheight=\"26.64px\" class=\"fusion-responsive-typography-calculated\" style=\"--fontSize: 24; line-height: 1.11;\"><strong>WIFI<\/strong><\/h3>\n<p>The WIFI is accessible without a password and can be used without restrictions.<\/p>\n<h3 data-fontsize=\"24\" data-lineheight=\"26.64px\" class=\"fusion-responsive-typography-calculated\" style=\"--fontSize: 24; line-height: 1.11;\"><strong>HIKING<\/strong><\/h3>\n<p>There are hiking trails for every taste, for young and old, for big and small. Information is available on the tourism association&#8217;s website: <strong><a href=\"https:\/\/www.kitzbueheler-alpen.com\/de\/pital\/wandern.html\" target=\"_new\" rel=\"noreferrer noopener\">Hiking<\/a><\/strong><\/p>\n<h3 data-fontsize=\"24\" data-lineheight=\"26.64px\" class=\"fusion-responsive-typography-calculated\" style=\"--fontSize: 24; line-height: 1.11;\"><strong>HIKING MAPS<\/strong><\/h3>\n<p>Available at the reception.<\/p>\n<h3 data-fontsize=\"24\" data-lineheight=\"26.64px\" class=\"fusion-responsive-typography-calculated\" style=\"--fontSize: 24; line-height: 1.11;\"><strong>LAUNDRY AND IRONING SERVICE<\/strong><\/h3>\n<p>We are happy to wash and\/or iron your laundry. Please contact the reception.<\/p>\n<\/div><\/div><\/div><\/div><\/div>","protected":false},"excerpt":{"rendered":"","protected":false},"author":1,"featured_media":0,"parent":0,"menu_order":0,"comment_status":"closed","ping_status":"open","template":"100-width.php","meta":{"footnotes":""},"class_list":["post-2","page","type-page","status-publish","hentry"],"_links":{"self":[{"href":"https:\/\/alpenstyle-fieberbrunn.at\/en\/wp-json\/wp\/v2\/pages\/2","targetHints":{"allow":["GET"]}}],"collection":[{"href":"https:\/\/alpenstyle-fieberbrunn.at\/en\/wp-json\/wp\/v2\/pages"}],"about":[{"href":"https:\/\/alpenstyle-fieberbrunn.at\/en\/wp-json\/wp\/v2\/types\/page"}],"author":[{"embeddable":true,"href":"https:\/\/alpenstyle-fieberbrunn.at\/en\/wp-json\/wp\/v2\/users\/1"}],"replies":[{"embeddable":true,"href":"https:\/\/alpenstyle-fieberbrunn.at\/en\/wp-json\/wp\/v2\/comments?post=2"}],"version-history":[{"count":11,"href":"https:\/\/alpenstyle-fieberbrunn.at\/en\/wp-json\/wp\/v2\/pages\/2\/revisions"}],"predecessor-version":[{"id":2573,"href":"https:\/\/alpenstyle-fieberbrunn.at\/en\/wp-json\/wp\/v2\/pages\/2\/revisions\/2573"}],"wp:attachment":[{"href":"https:\/\/alpenstyle-fieberbrunn.at\/en\/wp-json\/wp\/v2\/media?parent=2"}],"curies":[{"name":"wp","href":"https:\/\/api.w.org\/{rel}","templated":true}]}}